{"id":204,"date":"2022-02-07T14:10:19","date_gmt":"2022-02-07T14:10:19","guid":{"rendered":"https:\/\/www.oyilmaz.co.uk\/sirketler\/"},"modified":"2022-04-19T14:47:43","modified_gmt":"2022-04-19T14:47:43","slug":"sirketler","status":"publish","type":"page","link":"https:\/\/www.oyilmaz.co.uk\/tr\/sirketler\/","title":{"rendered":"\u015eirketler"},"content":{"rendered":"<section class=\"wpb-content-wrapper\"><p>[vc_row css_animation=&#8221;&#8221; row_type=&#8221;row&#8221; use_row_as_full_screen_section=&#8221;no&#8221; type=&#8221;full_width&#8221; angled_section=&#8221;no&#8221; text_align=&#8221;left&#8221; background_image_as_pattern=&#8221;without_pattern&#8221;][vc_column][vc_single_image image=&#8221;160&#8243; img_size=&#8221;full&#8221; alignment=&#8221;center&#8221; qode_css_animation=&#8221;&#8221;][\/vc_column][\/vc_row][vc_row css_animation=&#8221;&#8221; row_type=&#8221;row&#8221; use_row_as_full_screen_section=&#8221;no&#8221; type=&#8221;full_width&#8221; angled_section=&#8221;no&#8221; text_align=&#8221;left&#8221; background_image_as_pattern=&#8221;without_pattern&#8221;][vc_column width=&#8221;1\/6&#8243;][\/vc_column][vc_column width=&#8221;2\/3&#8243;][vc_empty_space height=&#8221;62px&#8221;][vc_column_text]<\/p>\n<h1 style=\"text-align: center;\"><b>Ka\u00e7mak istemedi\u011finiz bir hayat yarat\u0131n.<\/b><\/h1>\n<p>[\/vc_column_text][vc_empty_space height=&#8221;62px&#8221;][\/vc_column][vc_column width=&#8221;1\/6&#8243;][\/vc_column][\/vc_row][vc_row css_animation=&#8221;&#8221; row_type=&#8221;row&#8221; use_row_as_full_screen_section=&#8221;yes&#8221; type=&#8221;grid&#8221; angled_section=&#8221;no&#8221; text_align=&#8221;left&#8221; background_image_as_pattern=&#8221;without_pattern&#8221; padding_top=&#8221;25&#8243; padding_bottom=&#8221;50&#8243; css=&#8221;.vc_custom_1644242478343{background-color: #000000 !important;background-position: center !important;background-repeat: no-repeat !important;background-size: cover !important;}&#8221;][vc_column][vc_column_text]<br \/>\n<span style=\"font-weight: 400;\">Bir i\u015f kurmak, bir aile kurmak gibidir. Bunun i\u00e7in fedakarl\u0131k yapmak, onunla ilgilenmek, onu beslemek, onu sevmek gerekir. \u0130\u015fyeri t\u00fcm bireylerin\u00a0 \u00e7ok \u00f6nemli oldu\u011fu bir yerdir.\u00a0<\/span><\/p>\n<p><span style=\"font-weight: 400;\">Her zaman h\u00fcrmetin oldu\u011fu , d\u00fczeni, disiplini ve bilgeli\u011fi sa\u011flayacak liderin\u00a0 oldu\u011fu bir yerdir.\u00a0<\/span><\/p>\n<p><span style=\"font-weight: 400;\">Y\u0131llar i\u00e7erisinde bir \u00e7ok \u00f6\u011fretmenim ve yol g\u00f6stericim oldu.\u0130\u015fime nas\u0131l odaklan\u0131r\u0131m ,i\u015f ahlak\u0131 nas\u0131l olmal\u0131d\u0131r ve i\u015f hayat\u0131n\u0131n incelikleri nelerdir gen\u00e7 ya\u015flar\u0131mdan itibaren \u00f6\u011fretilen konulard\u0131.<\/span><\/p>\n<p><span style=\"font-weight: 400;\">Daha sonraki d\u00f6nem \u00f6\u011fretmenlerim ise insan\u0131n yap\u0131s\u0131n\u0131,davran\u0131\u015flar\u0131n\u0131,potansiyelini,bilgeli\u011fini ve \u00f6nemini \u00f6\u011frettiler.<\/span><\/p>\n<p><span style=\"font-weight: 400;\">\u0130yi i\u015f yapman\u0131n anahtar\u0131, ba\u015fkalar\u0131na ilham verme ve onlar\u0131n potansiyellerini a\u00e7\u0131\u011fa \u00e7\u0131karma yetene\u011fine dayan\u0131r. Bu anlay\u0131\u015ftan \u00fc\u00e7 \u015firket ortaya \u00e7\u0131kt\u0131:<\/span><br \/>\n[\/vc_column_text][\/vc_column][\/vc_row][vc_row css_animation=&#8221;&#8221; row_type=&#8221;row&#8221; use_row_as_full_screen_section=&#8221;yes&#8221; type=&#8221;grid&#8221; angled_section=&#8221;no&#8221; text_align=&#8221;left&#8221; background_image_as_pattern=&#8221;without_pattern&#8221; padding_top=&#8221;25&#8243; padding_bottom=&#8221;50&#8243; css=&#8221;.vc_custom_1644242337580{background-color: #000000 !important;background-position: center !important;background-repeat: no-repeat !important;background-size: cover !important;}&#8221;][vc_column width=&#8221;1\/2&#8243;][vc_column_text]<\/p>\n<h1><b>Expo Foods Midlands<\/b><\/h1>\n<p>[\/vc_column_text][vc_empty_space height=&#8221;40px&#8221;][vc_column_text]<span style=\"font-weight: 400;\">Expo Foods Midlands , etnik bir toptan sat\u0131\u015f ve da\u011f\u0131t\u0131m \u015firketidir. \u00c7ok \u00e7e\u015fitli g\u0131da \u00fcr\u00fcnlerinin ba\u011f\u0131ms\u0131z ma\u011fazalara da\u011f\u0131t\u0131m hizmetleri sunuyoruz. Fiyatland\u0131rma ve rekabet konusunda size \u00f6zel profesyonel tavsiyeler alabilmeniz i\u00e7in pazar\u0131n\u0131za bir sat\u0131\u015f eleman\u0131 da g\u00f6nderiyoruz. Bu sistem, tam olarak ihtiyac\u0131n\u0131z olan\u0131, ihtiyac\u0131n\u0131z oldu\u011funda alman\u0131z\u0131 sa\u011flar, b\u00f6ylece stoklar\u0131n birikmesi konusunda endi\u015felenmenize gerek kalmaz.<\/span><\/p>\n<p>[\/vc_column_text][\/vc_column][vc_column width=&#8221;1\/2&#8243;][vc_single_image image=&#8221;174&#8243; img_size=&#8221;full&#8221; alignment=&#8221;center&#8221; qode_css_animation=&#8221;&#8221;][\/vc_column][\/vc_row][vc_row css_animation=&#8221;&#8221; row_type=&#8221;row&#8221; use_row_as_full_screen_section=&#8221;yes&#8221; type=&#8221;grid&#8221; angled_section=&#8221;no&#8221; text_align=&#8221;left&#8221; background_image_as_pattern=&#8221;without_pattern&#8221; padding_top=&#8221;25&#8243; padding_bottom=&#8221;50&#8243; css=&#8221;.vc_custom_1644242343881{background-color: #000000 !important;background-position: center !important;background-repeat: no-repeat !important;background-size: cover !important;}&#8221;][vc_column width=&#8221;1\/2&#8243;][vc_column_text]<\/p>\n<h1 style=\"text-align: left;\"><b>Dragon London<\/b><\/h1>\n<p>[\/vc_column_text][vc_empty_space height=&#8221;40px&#8221;][vc_column_text]&nbsp;<\/p>\n<p><span style=\"font-weight: 400;\">Dragon London, tek bir misyonu olan bir g\u0131da da\u011f\u0131t\u0131m \u015firketidir &#8211; k\u00fc\u00e7\u00fck pazarlar\u0131n daha iyi \u00fcr\u00fcnler satmas\u0131na yard\u0131mc\u0131 olur. Ekibimiz, sat\u0131\u015flar\u0131 ve nihayetinde i\u015flerinin de\u011ferini optimize etme umuduyla marketlerin \u00fcr\u00fcnlerimizi ma\u011fazalar\u0131nda sergilemelerinde yard\u0131mc\u0131 olmak i\u00e7in stratejik olarak e\u011fitilmi\u015ftir.<\/span>[\/vc_column_text][\/vc_column][vc_column width=&#8221;1\/2&#8243;][vc_single_image image=&#8221;175&#8243; img_size=&#8221;full&#8221; alignment=&#8221;center&#8221; qode_css_animation=&#8221;&#8221;][\/vc_column][\/vc_row][vc_row css_animation=&#8221;&#8221; row_type=&#8221;row&#8221; use_row_as_full_screen_section=&#8221;yes&#8221; type=&#8221;grid&#8221; angled_section=&#8221;no&#8221; text_align=&#8221;left&#8221; background_image_as_pattern=&#8221;without_pattern&#8221; padding_top=&#8221;25&#8243; padding_bottom=&#8221;50&#8243; css=&#8221;.vc_custom_1644242349641{background-color: #000000 !important;background-position: center !important;background-repeat: no-repeat !important;background-size: cover !important;}&#8221;][vc_column width=&#8221;1\/2&#8243;][vc_column_text]<\/p>\n<h1 style=\"text-align: left;\"><b>Journey Begins Coaching<\/b><\/h1>\n<p>[\/vc_column_text][vc_empty_space height=&#8221;40px&#8221;][vc_column_text]<span style=\"font-weight: 400;\">Journey Begins Coaching, insan geli\u015fiminin bug\u00fcn\u00fc ve gelece\u011fidir. Birbirimizden bir \u015feyler \u00f6\u011frendi\u011fimizde anlama kapasitemiz artar. Bu nihai geli\u015fim e\u011fitim program\u0131, sizin ve i\u015fletmenizin hedeflerinize ula\u015fman\u0131za ve istedi\u011finiz hayat\u0131 ortaya \u00e7\u0131karman\u0131za yard\u0131mc\u0131 olacakt\u0131r. Ki\u015fisel veya profesyonel, vizyonunuz ne olursa olsun, ba\u015far\u0131l\u0131 olman\u0131z\u0131 sa\u011flamak i\u00e7in size uygun e\u011fitimi ve rehberli\u011fi sa\u011flayaca\u011f\u0131z.<\/span>[\/vc_column_text][\/vc_column][vc_column width=&#8221;1\/2&#8243;][vc_single_image image=&#8221;173&#8243; img_size=&#8221;full&#8221; alignment=&#8221;center&#8221; qode_css_animation=&#8221;&#8221;][\/vc_column][\/vc_row][vc_row css_animation=&#8221;&#8221; row_type=&#8221;row&#8221; use_row_as_full_screen_section=&#8221;yes&#8221; type=&#8221;grid&#8221; angled_section=&#8221;no&#8221; text_align=&#8221;left&#8221; background_image_as_pattern=&#8221;without_pattern&#8221; padding_top=&#8221;25&#8243; padding_bottom=&#8221;50&#8243; css=&#8221;.vc_custom_1644242493531{background-color: #000000 !important;background-position: center !important;background-repeat: no-repeat !important;background-size: cover !important;}&#8221;][vc_column][vc_column_text]<br \/>\n<span style=\"font-weight: 400;\">\u015eirketler kurmay\u0131,azimli ve h\u0131rsl\u0131 bir ekibin par\u00e7as\u0131 olmay\u0131 seviyorum.Y\u0131llar boyunca ,bir i\u015f dan\u0131\u015fman\u0131 ,\u0130crac\u0131 olmayan y\u00f6netim kurulu \u00fcyesi olarak,y\u00fczlerce i\u015fletmenin ve y\u00f6neticilerinin ba\u015far\u0131l\u0131 olmas\u0131na yard\u0131mc\u0131 oldum.Bir giri\u015fimci olarak y\u00f6netim,liderlik ve finansal optimizasyon konular\u0131nda geni\u015f deneyime sahibim.<\/span><\/p>\n<p><span style=\"font-weight: 400;\">Hayat amac\u0131m\u0131n ise; insanlar\u0131n de\u011ferlerini tespit edip onlar\u0131n hayat ama\u00e7lar\u0131n\u0131 bulmalar\u0131n\u0131 yard\u0131mc\u0131 olmak ve hayat ama\u00e7lar\u0131 do\u011frultusunda daha anlaml\u0131 ve tatmin olmu\u015f \u015fekilde ba\u015far\u0131l\u0131 olmalar\u0131n\u0131 sa\u011flamak.<\/span><\/p>\n<p><span style=\"font-weight: 400;\">Daha kapsaml\u0131 ve geni\u015f bilgi almak i\u00e7in hemen ileti\u015fime ge\u00e7ebilirsiniz .<\/span><br \/>\n[\/vc_column_text][\/vc_column][\/vc_row]<\/p>\n<\/section>","protected":false},"excerpt":{"rendered":"<p>[vc_row css_animation=&#8221;&#8221; row_type=&#8221;row&#8221; use_row_as_full_screen_section=&#8221;no&#8221; type=&#8221;full_width&#8221; angled_section=&#8221;no&#8221; text_align=&#8221;left&#8221; background_image_as_pattern=&#8221;without_pattern&#8221;][vc_column][vc_single_image image=&#8221;160&#8243; img_size=&#8221;full&#8221; alignment=&#8221;center&#8221; qode_css_animation=&#8221;&#8221;][\/vc_column][\/vc_row][vc_row css_animation=&#8221;&#8221; row_type=&#8221;row&#8221; use_row_as_full_screen_section=&#8221;no&#8221; type=&#8221;full_width&#8221; angled_section=&#8221;no&#8221; text_align=&#8221;left&#8221; background_image_as_pattern=&#8221;without_pattern&#8221;][vc_column width=&#8221;1\/6&#8243;][\/vc_column][vc_column width=&#8221;2\/3&#8243;][vc_empty_space height=&#8221;62px&#8221;][vc_column_text] Ka\u00e7mak istemedi\u011finiz bir hayat yarat\u0131n. [\/vc_column_text][vc_empty_space height=&#8221;62px&#8221;][\/vc_column][vc_column width=&#8221;1\/6&#8243;][\/vc_column][\/vc_row][vc_row css_animation=&#8221;&#8221; row_type=&#8221;row&#8221; use_row_as_full_screen_section=&#8221;yes&#8221; type=&#8221;grid&#8221; angled_section=&#8221;no&#8221; text_align=&#8221;left&#8221; background_image_as_pattern=&#8221;without_pattern&#8221; padding_top=&#8221;25&#8243; padding_bottom=&#8221;50&#8243; css=&#8221;.vc_custom_1644242478343{background-color: #000000 !important;background-position: center !important;background-repeat: no-repeat&#8230;<\/p>\n","protected":false},"author":1,"featured_media":0,"parent":0,"menu_order":0,"comment_status":"closed","ping_status":"closed","template":"full_width.php","meta":{"footnotes":""},"class_list":["post-204","page","type-page","status-publish","hentry"],"_links":{"self":[{"href":"https:\/\/www.oyilmaz.co.uk\/tr\/wp-json\/wp\/v2\/pages\/204","targetHints":{"allow":["GET"]}}],"collection":[{"href":"https:\/\/www.oyilmaz.co.uk\/tr\/wp-json\/wp\/v2\/pages"}],"about":[{"href":"https:\/\/www.oyilmaz.co.uk\/tr\/wp-json\/wp\/v2\/types\/page"}],"author":[{"embeddable":true,"href":"https:\/\/www.oyilmaz.co.uk\/tr\/wp-json\/wp\/v2\/users\/1"}],"replies":[{"embeddable":true,"href":"https:\/\/www.oyilmaz.co.uk\/tr\/wp-json\/wp\/v2\/comments?post=204"}],"version-history":[{"count":3,"href":"https:\/\/www.oyilmaz.co.uk\/tr\/wp-json\/wp\/v2\/pages\/204\/revisions"}],"predecessor-version":[{"id":207,"href":"https:\/\/www.oyilmaz.co.uk\/tr\/wp-json\/wp\/v2\/pages\/204\/revisions\/207"}],"wp:attachment":[{"href":"https:\/\/www.oyilmaz.co.uk\/tr\/wp-json\/wp\/v2\/media?parent=204"}],"curies":[{"name":"wp","href":"https:\/\/api.w.org\/{rel}","templated":true}]}}