{"id":198,"date":"2022-02-07T13:48:41","date_gmt":"2022-02-07T13:48:41","guid":{"rendered":"https:\/\/www.oyilmaz.co.uk\/kocluk\/"},"modified":"2022-04-19T14:44:51","modified_gmt":"2022-04-19T14:44:51","slug":"kocluk","status":"publish","type":"page","link":"https:\/\/www.oyilmaz.co.uk\/tr\/kocluk\/","title":{"rendered":"Ko\u00e7luk"},"content":{"rendered":"<section class=\"wpb-content-wrapper\"><p>[vc_row css_animation=&#8221;&#8221; row_type=&#8221;row&#8221; use_row_as_full_screen_section=&#8221;no&#8221; type=&#8221;full_width&#8221; angled_section=&#8221;no&#8221; text_align=&#8221;left&#8221; background_image_as_pattern=&#8221;without_pattern&#8221;][vc_column][vc_single_image image=&#8221;161&#8243; img_size=&#8221;full&#8221; alignment=&#8221;center&#8221; qode_css_animation=&#8221;&#8221;][\/vc_column][\/vc_row][vc_row css_animation=&#8221;&#8221; row_type=&#8221;row&#8221; use_row_as_full_screen_section=&#8221;no&#8221; type=&#8221;full_width&#8221; angled_section=&#8221;no&#8221; text_align=&#8221;left&#8221; background_image_as_pattern=&#8221;without_pattern&#8221;][vc_column width=&#8221;1\/6&#8243;][\/vc_column][vc_column width=&#8221;2\/3&#8243;][vc_empty_space height=&#8221;62px&#8221;][vc_column_text]<\/p>\n<h1 style=\"text-align: center;\"><b>Ko\u00e7luk, cevaplar\u0131 kendi i\u00e7imizde bulman\u0131za yard\u0131mc\u0131 olacak y\u00f6ntemdir.<\/b><\/h1>\n<p>[\/vc_column_text][vc_empty_space height=&#8221;62px&#8221;][\/vc_column][vc_column width=&#8221;1\/6&#8243;][\/vc_column][\/vc_row][vc_row css_animation=&#8221;&#8221; row_type=&#8221;row&#8221; use_row_as_full_screen_section=&#8221;yes&#8221; type=&#8221;grid&#8221; angled_section=&#8221;no&#8221; text_align=&#8221;left&#8221; background_image_as_pattern=&#8221;without_pattern&#8221; padding_top=&#8221;25&#8243; padding_bottom=&#8221;50&#8243; css=&#8221;.vc_custom_1644242478343{background-color: #000000 !important;background-position: center !important;background-repeat: no-repeat !important;background-size: cover !important;}&#8221;][vc_column][vc_column_text]<\/p>\n<p style=\"text-align: center;\">\n<p style=\"text-align: center;\"><span style=\"font-weight: 400;\">Hayat bize zor se\u00e7imler yapmam\u0131z\u0131 gerektiren sonsuz bir dizi durum sunar. Karar vermede bir\u00e7ok fakt\u00f6r s\u00f6z konusu olsa da, en \u00e7ok de\u011fer verdi\u011finiz \u015fey en \u00f6nemlisidir.<\/span><\/p>\n<p style=\"text-align: center;\"><span style=\"font-weight: 400;\">Kendinizi geli\u015ftirmek ve kapasitenizin \u00fczerine \u00e7\u0131kmak i\u00e7in,de\u011ferlerinizi ve \u00f6nceliklerinizi bilmek \u00e7ok \u00f6nemlidir.<\/span><\/p>\n<p style=\"text-align: center;\"><span style=\"font-weight: 400;\">\u0130\u015finizi, mali durumunuzu, etki alan\u0131n\u0131z\u0131 b\u00fcy\u00fctmek veya ili\u015fkinizi, sa\u011fl\u0131\u011f\u0131n\u0131z\u0131 veya hayat\u0131n\u0131z\u0131n herhangi bir alan\u0131n\u0131 d\u00f6n\u00fc\u015ft\u00fcr\u00fcp,geli\u015ftirmek en \u00e7ok neye de\u011fer verdi\u011finizi anlamakla ba\u015flar.\u00a0<\/span><\/p>\n<p style=\"text-align: center;\"><span style=\"font-weight: 400;\">Y\u0131llar i\u00e7inde ger\u00e7ekten anlaml\u0131 bir hayat ya\u015famay\u0131 \u00f6\u011frendim ve bug\u00fcn ad\u0131m ad\u0131m hayat\u0131n\u0131z\u0131n \u00fcstesinden gelmeniz i\u00e7in size rehberlik edecek bir form\u00fcl haz\u0131rlad\u0131m. \u0130\u015fte form\u00fcl.<\/span><\/p>\n<p>[\/vc_column_text][\/vc_column][\/vc_row][vc_row css_animation=&#8221;&#8221; row_type=&#8221;row&#8221; use_row_as_full_screen_section=&#8221;yes&#8221; type=&#8221;grid&#8221; angled_section=&#8221;no&#8221; text_align=&#8221;left&#8221; background_image_as_pattern=&#8221;without_pattern&#8221; padding_top=&#8221;25&#8243; padding_bottom=&#8221;50&#8243; css=&#8221;.vc_custom_1644242337580{background-color: #000000 !important;background-position: center !important;background-repeat: no-repeat !important;background-size: cover !important;}&#8221;][vc_column width=&#8221;1\/2&#8243;][vc_column_text]<\/p>\n<h1 style=\"text-align: center;\"><b>HAYAT AMACINIZI B\u0130L\u0130N<\/b><\/h1>\n<p>[\/vc_column_text][vc_empty_space height=&#8221;40px&#8221;][vc_column_text]<span style=\"font-weight: 400;\">Hepimiz bir sebepten dolay\u0131 buraday\u0131z. Hepimizin insanl\u0131kla payla\u015fmam\u0131z gereken e\u015fsiz bir yetene\u011fi var.\u00a0\u00a0<\/span><\/p>\n<p><span style=\"font-weight: 400;\">Bu yetene\u011fi ortaya \u00e7\u0131karmak ise disiplin, \u00f6zveri ve e\u011fitim gerektirir. Bir kez ortaya \u00e7\u0131kar\u0131ld\u0131ktan sonra, bu arma\u011fan\u0131n insanl\u0131kla payla\u015f\u0131lmas\u0131, size ya\u015fam boyunca ayakta tutacak bir ama\u00e7 sa\u011flayacakt\u0131r. Frederick Nietzsche&#8217;nin dedi\u011fi gibi &#8211; &#8220;Ya\u015famak i\u00e7in bir \u2018Neden\u2019i olan ,her t\u00fcrl\u00fc \u2018Nas\u0131l\u2019a dayanabilir&#8221;.<\/span><\/p>\n<p>[\/vc_column_text][\/vc_column][vc_column width=&#8221;1\/2&#8243;][vc_single_image image=&#8221;172&#8243; img_size=&#8221;full&#8221; alignment=&#8221;center&#8221; qode_css_animation=&#8221;&#8221;][\/vc_column][\/vc_row][vc_row css_animation=&#8221;&#8221; row_type=&#8221;row&#8221; use_row_as_full_screen_section=&#8221;yes&#8221; type=&#8221;grid&#8221; angled_section=&#8221;no&#8221; text_align=&#8221;left&#8221; background_image_as_pattern=&#8221;without_pattern&#8221; padding_top=&#8221;25&#8243; padding_bottom=&#8221;50&#8243; css=&#8221;.vc_custom_1644242343881{background-color: #000000 !important;background-position: center !important;background-repeat: no-repeat !important;background-size: cover !important;}&#8221;][vc_column width=&#8221;1\/2&#8243;][vc_column_text]<\/p>\n<h1><b>H\u0130ZMET \u0130\u00c7\u0130N YA\u015eAMAK<\/b><\/h1>\n<p>[\/vc_column_text][vc_empty_space height=&#8221;40px&#8221;][vc_column_text]<span style=\"font-weight: 400;\">Hayat\u0131n\u0131z\u0131 ya\u015faman\u0131n bir\u00e7ok yolu vard\u0131r, bunu yapman\u0131n en iyi yolu ise hizmet etmektir. Ya\u015f, \u0131rk, cinsiyet, k\u00fclt\u00fcr, din veya mevcut ya\u015fam yerle\u015fimi ne olursa olsun insan \u0131rk\u0131na hizmet etmektir. Biraz \u00e7aba, birinin hayat\u0131nda bir y\u00fckselmeye neden olabilir ve bu olumlu de\u011fi\u015fimden k\u0131smen sizin sorumlu olman\u0131z ise ne kadar muhte\u015femdir?<\/span><\/p>\n<p>[\/vc_column_text][\/vc_column][vc_column width=&#8221;1\/2&#8243;][vc_single_image image=&#8221;171&#8243; img_size=&#8221;full&#8221; alignment=&#8221;center&#8221; qode_css_animation=&#8221;&#8221;][\/vc_column][\/vc_row][vc_row css_animation=&#8221;&#8221; row_type=&#8221;row&#8221; use_row_as_full_screen_section=&#8221;yes&#8221; type=&#8221;grid&#8221; angled_section=&#8221;no&#8221; text_align=&#8221;left&#8221; background_image_as_pattern=&#8221;without_pattern&#8221; padding_top=&#8221;25&#8243; padding_bottom=&#8221;50&#8243; css=&#8221;.vc_custom_1644242349641{background-color: #000000 !important;background-position: center !important;background-repeat: no-repeat !important;background-size: cover !important;}&#8221;][vc_column width=&#8221;1\/2&#8243;][vc_column_text]<\/p>\n<h1><b>B\u0130R DESTEK S\u0130STEM\u0130 OLU\u015eTURUN<\/b><\/h1>\n<p>[\/vc_column_text][vc_empty_space height=&#8221;40px&#8221;][vc_column_text]<span style=\"font-weight: 400;\">Kim oldu\u011funuzu ve d\u00fcnyaya nas\u0131l yard\u0131m edebilece\u011finizi \u00f6\u011frendikten sonra, ayn\u0131 \u015fekilde desteklendi\u011finizden emin olmal\u0131s\u0131n\u0131z. \u0130nsanl\u0131k topluluk i\u00e7inde in\u015fa edilmi\u015ftir ve geli\u015fimimizde \u00f6nemli bir fakt\u00f6rd\u00fcr. Bu, aile \u00fcyeleriniz, arkada\u015flar\u0131n\u0131z, kom\u015fular\u0131n\u0131z, i\u015f arkada\u015flar\u0131n\u0131z, destek gruplar\u0131n\u0131z veya organizasyonlar\u0131n\u0131z olabilir. Ne oldu\u011fu \u00f6nemli de\u011fil, geli\u015fmek i\u00e7in bir kabileye ihtiyac\u0131n\u0131z var.<\/span><\/p>\n<p>[\/vc_column_text][\/vc_column][vc_column width=&#8221;1\/2&#8243;][vc_single_image image=&#8221;172&#8243; img_size=&#8221;full&#8221; alignment=&#8221;center&#8221; qode_css_animation=&#8221;&#8221;][\/vc_column][\/vc_row][vc_row css_animation=&#8221;&#8221; row_type=&#8221;row&#8221; use_row_as_full_screen_section=&#8221;yes&#8221; type=&#8221;grid&#8221; angled_section=&#8221;no&#8221; text_align=&#8221;left&#8221; background_image_as_pattern=&#8221;without_pattern&#8221; padding_top=&#8221;25&#8243; padding_bottom=&#8221;50&#8243; css=&#8221;.vc_custom_1644242493531{background-color: #000000 !important;background-position: center !important;background-repeat: no-repeat !important;background-size: cover !important;}&#8221;][vc_column width=&#8221;1\/2&#8243;][vc_column_text]<span style=\"font-weight: 400;\">Amac\u0131m belli. Arad\u0131\u011f\u0131n\u0131z\u0131 bulman\u0131za yard\u0131mc\u0131 olmak i\u00e7in buraday\u0131m. Hayat de\u011fi\u015ftiren bu yolculukta size ko\u00e7luk yapmak, bu yolda sizi desteklemek, kendinizle ba\u011flant\u0131 kurman\u0131z i\u00e7in size rehberlik etmek, t\u00fcm potansiyelinizi ortaya \u00e7\u0131karman\u0131za ve hak etti\u011finiz hayat\u0131 ya\u015faman\u0131za yard\u0131mc\u0131 olmak i\u00e7in buraday\u0131m. Bu nedenle, ya\u015fam amac\u0131n\u0131z\u0131 bulman\u0131za ve daha iyi bir lider ve i\u015fletme olman\u0131za yard\u0131mc\u0131 olmak i\u00e7in tasarlanm\u0131\u015f \u00e7evrimi\u00e7i bir platform olan Journey Begins Coaching&#8217;i olu\u015fturdum. <\/span>[\/vc_column_text][\/vc_column][vc_column width=&#8221;1\/2&#8243;][vc_column_text]<span style=\"font-weight: 400;\">Pek \u00e7ok lider ne kadar fark\u0131ndal\u0131k sahibi\u00a0 olduklar\u0131n\u0131 iddaa edip\u00a0 \u00f6v\u00fcnseler de, n\u00fcfusun sadece % 10 ila 15&#8217;i kriterlere uyuyor. Peki bu kriterlere uyan ki\u015fi niye olmayas\u0131n?<\/span><\/p>\n<p><span style=\"font-weight: 400;\">Y\u0131llar i\u00e7inde, ki\u015fisel ve mesleki ko\u015fullar sayesinde ba\u015far\u0131y\u0131 garanti eden bir metodoloji geli\u015ftirdim. Ko\u00e7luk hizmetlerim hakk\u0131nda daha fazla bilgi edinmek ister misiniz?<\/span><\/p>\n<p><span style=\"font-weight: 400;\">Journey Begins Coaching&#8217;e bir g\u00f6z at\u0131n ve \u00fccretsiz ke\u015fif dan\u0131\u015fmanl\u0131\u011f\u0131 i\u00e7in rezervasyon yapt\u0131r\u0131n.<\/span>[\/vc_column_text][\/vc_column][\/vc_row]<\/p>\n<\/section>","protected":false},"excerpt":{"rendered":"<p>[vc_row css_animation=&#8221;&#8221; row_type=&#8221;row&#8221; use_row_as_full_screen_section=&#8221;no&#8221; type=&#8221;full_width&#8221; angled_section=&#8221;no&#8221; text_align=&#8221;left&#8221; background_image_as_pattern=&#8221;without_pattern&#8221;][vc_column][vc_single_image image=&#8221;161&#8243; img_size=&#8221;full&#8221; alignment=&#8221;center&#8221; qode_css_animation=&#8221;&#8221;][\/vc_column][\/vc_row][vc_row css_animation=&#8221;&#8221; row_type=&#8221;row&#8221; use_row_as_full_screen_section=&#8221;no&#8221; type=&#8221;full_width&#8221; angled_section=&#8221;no&#8221; text_align=&#8221;left&#8221; background_image_as_pattern=&#8221;without_pattern&#8221;][vc_column width=&#8221;1\/6&#8243;][\/vc_column][vc_column width=&#8221;2\/3&#8243;][vc_empty_space height=&#8221;62px&#8221;][vc_column_text] Ko\u00e7luk, cevaplar\u0131 kendi i\u00e7imizde bulman\u0131za yard\u0131mc\u0131 olacak y\u00f6ntemdir. [\/vc_column_text][vc_empty_space height=&#8221;62px&#8221;][\/vc_column][vc_column width=&#8221;1\/6&#8243;][\/vc_column][\/vc_row][vc_row css_animation=&#8221;&#8221; row_type=&#8221;row&#8221; use_row_as_full_screen_section=&#8221;yes&#8221; type=&#8221;grid&#8221; angled_section=&#8221;no&#8221; text_align=&#8221;left&#8221; background_image_as_pattern=&#8221;without_pattern&#8221; padding_top=&#8221;25&#8243; padding_bottom=&#8221;50&#8243; css=&#8221;.vc_custom_1644242478343{background-color: #000000 !important;background-position:&#8230;<\/p>\n","protected":false},"author":1,"featured_media":0,"parent":0,"menu_order":0,"comment_status":"closed","ping_status":"closed","template":"full_width.php","meta":{"footnotes":""},"class_list":["post-198","page","type-page","status-publish","hentry"],"_links":{"self":[{"href":"https:\/\/www.oyilmaz.co.uk\/tr\/wp-json\/wp\/v2\/pages\/198","targetHints":{"allow":["GET"]}}],"collection":[{"href":"https:\/\/www.oyilmaz.co.uk\/tr\/wp-json\/wp\/v2\/pages"}],"about":[{"href":"https:\/\/www.oyilmaz.co.uk\/tr\/wp-json\/wp\/v2\/types\/page"}],"author":[{"embeddable":true,"href":"https:\/\/www.oyilmaz.co.uk\/tr\/wp-json\/wp\/v2\/users\/1"}],"replies":[{"embeddable":true,"href":"https:\/\/www.oyilmaz.co.uk\/tr\/wp-json\/wp\/v2\/comments?post=198"}],"version-history":[{"count":3,"href":"https:\/\/www.oyilmaz.co.uk\/tr\/wp-json\/wp\/v2\/pages\/198\/revisions"}],"predecessor-version":[{"id":201,"href":"https:\/\/www.oyilmaz.co.uk\/tr\/wp-json\/wp\/v2\/pages\/198\/revisions\/201"}],"wp:attachment":[{"href":"https:\/\/www.oyilmaz.co.uk\/tr\/wp-json\/wp\/v2\/media?parent=198"}],"curies":[{"name":"wp","href":"https:\/\/api.w.org\/{rel}","templated":true}]}}