{"id":190,"date":"2022-02-07T13:40:24","date_gmt":"2022-02-07T13:40:24","guid":{"rendered":"https:\/\/www.oyilmaz.co.uk\/hakkimizda\/"},"modified":"2025-10-12T15:47:59","modified_gmt":"2025-10-12T15:47:59","slug":"hakkimizda","status":"publish","type":"page","link":"https:\/\/www.oyilmaz.co.uk\/tr\/hakkimizda\/","title":{"rendered":"Hakk\u0131m\u0131zda"},"content":{"rendered":"<section class=\"wpb-content-wrapper\"><p>[vc_row css_animation=&#8221;&#8221; row_type=&#8221;row&#8221; use_row_as_full_screen_section=&#8221;no&#8221; type=&#8221;full_width&#8221; angled_section=&#8221;no&#8221; text_align=&#8221;left&#8221; background_image_as_pattern=&#8221;without_pattern&#8221;][vc_column][vc_single_image image=&#8221;159&#8243; img_size=&#8221;full&#8221; alignment=&#8221;center&#8221; qode_css_animation=&#8221;&#8221;][\/vc_column][\/vc_row][vc_row css_animation=&#8221;&#8221; row_type=&#8221;row&#8221; use_row_as_full_screen_section=&#8221;no&#8221; type=&#8221;full_width&#8221; angled_section=&#8221;no&#8221; text_align=&#8221;left&#8221; background_image_as_pattern=&#8221;without_pattern&#8221;][vc_column width=&#8221;1\/6&#8243;][\/vc_column][vc_column width=&#8221;2\/3&#8243;][vc_empty_space height=&#8221;62px&#8221;][vc_column_text]<\/p>\n<h1 style=\"text-align: center;\"><strong>Her ba\u015far\u0131l\u0131 erke\u011fin arkas\u0131nda, ba\u015far\u0131s\u0131z bir s\u00fcr\u00fc y\u0131l vard\u0131r.<\/strong><\/h1>\n<p>[\/vc_column_text][vc_empty_space height=&#8221;62px&#8221;][\/vc_column][vc_column width=&#8221;1\/6&#8243;][\/vc_column][\/vc_row][vc_row css_animation=&#8221;&#8221; row_type=&#8221;row&#8221; use_row_as_full_screen_section=&#8221;yes&#8221; type=&#8221;grid&#8221; angled_section=&#8221;no&#8221; text_align=&#8221;left&#8221; background_image=&#8221;72&#8243; background_image_as_pattern=&#8221;without_pattern&#8221; padding_top=&#8221;25&#8243; css=&#8221;.vc_custom_1644237378330{background-color: #000000 !important;background-position: center !important;background-repeat: no-repeat !important;background-size: cover !important;}&#8221;][vc_column width=&#8221;1\/2&#8243;][vc_single_image image=&#8221;169&#8243; img_size=&#8221;full&#8221; qode_css_animation=&#8221;&#8221;][\/vc_column][vc_column width=&#8221;1\/2&#8243;][vc_column_text]<span style=\"font-weight: 400;\">\u00d6zg\u00fcr Y\u0131lmaz Giri\u015fimci, Yat\u0131r\u0131mc\u0131 ve \u0130\u015f Ko\u00e7udur.<\/span><\/p>\n<p><span style=\"font-weight: 400;\">\u00a0<\/span>K\u00fctahya do\u011fumlu olan \u00d6zg\u00fcr Y\u0131lmaz, erken ya\u015flardan itibaren ba\u011f\u0131ms\u0131z bir birey olma ve daha iyi bir d\u00fcnya in\u015fa etme idealiyle hareket etti. Bu hayalini ger\u00e7ekle\u015ftirmek i\u00e7in ilk hedefi, \u00e7ocuklu\u011fundan beri ilham kayna\u011f\u0131 olarak g\u00f6rd\u00fc\u011f\u00fc Amerika Birle\u015fik Devletleri\u2019ydi. Ancak \u00e7e\u015fitli ko\u015fullar nedeniyle bu hedefini ertelemesi gerekince, kariyerine Birle\u015fik Krall\u0131k\u2019ta ba\u015flaman\u0131n en do\u011fru ad\u0131m olaca\u011f\u0131na karar verdi. Lise e\u011fitimini tamamlad\u0131ktan sonra i\u015fletme alan\u0131nda y\u00fcksek\u00f6\u011frenim g\u00f6rmek \u00fczere \u0130ngiltere\u2019ye ta\u015f\u0131nd\u0131.<\/p>\n<p style=\"font-weight: 400;\">Sadece 270 sterlinle Londra\u2019ya ad\u0131m atan \u00d6zg\u00fcr, hem ya\u015fam\u0131n\u0131 s\u00fcrd\u00fcrebilmek hem de e\u011fitimini finanse edebilmek i\u00e7in yo\u011fun emek gerektiren i\u015flerde \u00e7al\u0131\u015ft\u0131. Tekstil fabrikas\u0131nda i\u015f\u00e7ilikten restoran kap\u0131c\u0131l\u0131\u011f\u0131na, garsonluktan y\u00f6neticili\u011fe uzanan bu s\u00fcre\u00e7, ona azmin, disiplinin ve \u00f6\u011frenmenin ger\u00e7ek de\u011ferini \u00f6\u011fretti. Hayat\u0131n en b\u00fcy\u00fck \u00f6\u011fretmen oldu\u011funu bu d\u00f6nemde derinden deneyimledi.<\/p>\n<p style=\"font-weight: 400;\">Bu deneyimler, \u00d6zg\u00fcr\u2019\u00fcn akademik e\u011fitim yerine giri\u015fimcilik yoluna y\u00f6nelmesine ilham verdi. Kendi i\u015fini kurarak ba\u015flad\u0131\u011f\u0131 bu yolculuk, onu bug\u00fcn bir <strong>giri\u015fimci, yat\u0131r\u0131mc\u0131 ve i\u015f ko\u00e7u<\/strong> olarak tan\u0131nan bir lider haline getirdi. Kariyeri boyunca vizyoner yakla\u015f\u0131m\u0131yla bir\u00e7ok giri\u015fime katk\u0131da bulundu, bireylerin ve kurumlar\u0131n potansiyellerini ger\u00e7ekle\u015ftirmeleri i\u00e7in rehberlik etti.<\/p>\n<p style=\"font-weight: 400;\">Kariyerinin yan\u0131 s\u0131ra, hayat\u0131n\u0131n en \u00f6nemli d\u00f6n\u00fcm noktalar\u0131ndan biri e\u015fiyle tan\u0131\u015fmas\u0131 ve bir aile kurmas\u0131 oldu. Bug\u00fcn, Birle\u015fik Krall\u0131k\u2019ta hem profesyonel hem de ki\u015fisel ya\u015fam\u0131nda, daha iyi bir gelecek in\u015fa etme hedefiyle \u00e7al\u0131\u015fmalar\u0131n\u0131 s\u00fcrd\u00fcrmektedir.<\/p>\n<p><span style=\"font-weight: 400;\">\u00a0<\/span>[\/vc_column_text][\/vc_column][\/vc_row][vc_row css_animation=&#8221;&#8221; row_type=&#8221;row&#8221; use_row_as_full_screen_section=&#8221;yes&#8221; type=&#8221;grid&#8221; angled_section=&#8221;no&#8221; text_align=&#8221;left&#8221; background_image_as_pattern=&#8221;without_pattern&#8221; padding_top=&#8221;25&#8243; css=&#8221;.vc_custom_1644237933744{background-color: #000000 !important;background-position: center !important;background-repeat: no-repeat !important;background-size: cover !important;}&#8221;][vc_column][vc_column_text]<\/p>\n<p style=\"font-weight: 400;\">Hedeflerine kararl\u0131l\u0131kla odaklanan ve g\u0131da sekt\u00f6r\u00fc hakk\u0131nda daha derin bir anlay\u0131\u015f kazanmak isteyen \u00d6zg\u00fcr, kariyerinin ilk y\u0131llar\u0131nda bir g\u0131da toptan sat\u0131\u015f \u015firketinde \u00e7al\u0131\u015fmaya ba\u015flad\u0131. Burada g\u00f6sterdi\u011fi azim ve disiplini sayesinde k\u0131sa s\u00fcrede pozisyonunu y\u00fckseltti; depo operat\u00f6rl\u00fc\u011f\u00fcnden teslimat s\u00fcr\u00fcc\u00fcl\u00fc\u011f\u00fcne, ard\u0131ndan sat\u0131\u015f alan\u0131na ve nihayetinde sat\u0131\u015f y\u00f6neticili\u011fine kadar uzanan bu s\u00fcre\u00e7te g\u00fc\u00e7l\u00fc bir liderlik potansiyeli sergiledi.<\/p>\n<p style=\"font-weight: 400;\">Biriken deneyimi ve giri\u015fimci ruhuyla \u00d6zg\u00fcr, 2003 y\u0131l\u0131nda bir grup arkada\u015f\u0131yla birlikte kendi i\u015fini kurma karar\u0131 ald\u0131. G\u0131da da\u011f\u0131t\u0131m\u0131 alan\u0131nda faaliyet g\u00f6sterecek bu \u015firketin kurulu\u015fundan yaln\u0131zca alt\u0131 ay sonra, T\u00fcrkiye\u2019nin \u00f6nde gelen holdinglerinden <strong>Sabanc\u0131 Holding<\/strong> ile bir ortak giri\u015fim anla\u015fmas\u0131na imza att\u0131lar. Yakla\u015f\u0131k \u00fc\u00e7 bu\u00e7uk y\u0131l s\u00fcren bu ortakl\u0131k, \u00d6zg\u00fcr\u2019e kurumsal y\u00f6netim, organizasyonel yap\u0131 ve stratejik i\u015f geli\u015ftirme konular\u0131nda de\u011ferli deneyimler kazand\u0131rd\u0131. Ortakl\u0131\u011f\u0131n sona ermesinin ard\u0131ndan, \u015firketin genel m\u00fcd\u00fcr\u00fc ve hissedar\u0131 olarak g\u00f6revine devam etti. Bilgisi, yo\u011fun \u00e7al\u0131\u015fma disiplini ve vizyonu sayesinde \u015firketi k\u0131sa s\u00fcrede \u00f6nemli \u00f6l\u00e7\u00fcde b\u00fcy\u00fcd\u00fc.<\/p>\n<p style=\"font-weight: 400;\">2016\u20132018 y\u0131llar\u0131 aras\u0131nda, i\u015f d\u00fcnyas\u0131ndaki teorik bilgi birikimini derinle\u015ftirmek amac\u0131yla bir <strong>MBA program\u0131n\u0131 <\/strong>tamamlad\u0131.<\/p>\n<p style=\"font-weight: 400;\">Bug\u00fcn \u00d6zg\u00fcr, Birle\u015fik Krall\u0131k\u2019ta iki ba\u015far\u0131l\u0131 g\u0131da toptan sat\u0131\u015f \u015firketini y\u00f6netmektedir: <strong>Expo Foods Midlands<\/strong> ve <strong>Dragon London<\/strong>.<\/p>\n<ul style=\"font-weight: 400;\">\n<li><strong>Expo Foods Midlands<\/strong>, geni\u015f \u00fcr\u00fcn yelpazesiyle ba\u011f\u0131ms\u0131z perakende ma\u011fazalara hizmet veren etnik bir g\u0131da toptan sat\u0131\u015f \u015firketidir.<\/li>\n<li><strong>Dragon London<\/strong> ise hem bir etnik g\u0131da da\u011f\u0131t\u0131m firmas\u0131 hem de farkl\u0131 sekt\u00f6rlerde faaliyet g\u00f6steren i\u015fletmeleri b\u00fcnyesinde bulunduran bir <strong>holding \u015firketidir<\/strong>; ayr\u0131ca yurt d\u0131\u015f\u0131ndaki baz\u0131 i\u015ftiraklerin de sahibidir.\n<p style=\"font-weight: 400;\">2021 y\u0131l\u0131nda \u00d6zg\u00fcr, giri\u015fimcilik ve liderlik alan\u0131ndaki bilgi birikimini payla\u015fmak amac\u0131yla, i\u015fletmelere mentorluk ve profesyonel geli\u015fim deste\u011fi sunan <strong>Journey Begins Coaching<\/strong> adl\u0131 i\u015f ko\u00e7lu\u011fu platformunu kurmu\u015ftur.<\/p>\n<\/li>\n<\/ul>\n<p>[\/vc_column_text][vc_empty_space height=&#8221;52px&#8221;][\/vc_column][\/vc_row]<\/p>\n<\/section>","protected":false},"excerpt":{"rendered":"<p>[vc_row css_animation=&#8221;&#8221; row_type=&#8221;row&#8221; use_row_as_full_screen_section=&#8221;no&#8221; type=&#8221;full_width&#8221; angled_section=&#8221;no&#8221; text_align=&#8221;left&#8221; background_image_as_pattern=&#8221;without_pattern&#8221;][vc_column][vc_single_image image=&#8221;159&#8243; img_size=&#8221;full&#8221; alignment=&#8221;center&#8221; qode_css_animation=&#8221;&#8221;][\/vc_column][\/vc_row][vc_row css_animation=&#8221;&#8221; row_type=&#8221;row&#8221; use_row_as_full_screen_section=&#8221;no&#8221; type=&#8221;full_width&#8221; angled_section=&#8221;no&#8221; text_align=&#8221;left&#8221; background_image_as_pattern=&#8221;without_pattern&#8221;][vc_column width=&#8221;1\/6&#8243;][\/vc_column][vc_column width=&#8221;2\/3&#8243;][vc_empty_space height=&#8221;62px&#8221;][vc_column_text] Her ba\u015far\u0131l\u0131 erke\u011fin arkas\u0131nda, ba\u015far\u0131s\u0131z bir s\u00fcr\u00fc y\u0131l vard\u0131r. [\/vc_column_text][vc_empty_space height=&#8221;62px&#8221;][\/vc_column][vc_column width=&#8221;1\/6&#8243;][\/vc_column][\/vc_row][vc_row css_animation=&#8221;&#8221; row_type=&#8221;row&#8221; use_row_as_full_screen_section=&#8221;yes&#8221; type=&#8221;grid&#8221; angled_section=&#8221;no&#8221; text_align=&#8221;left&#8221; background_image=&#8221;72&#8243; background_image_as_pattern=&#8221;without_pattern&#8221; padding_top=&#8221;25&#8243; css=&#8221;.vc_custom_1644237378330{background-color: #000000&#8230;<\/p>\n","protected":false},"author":1,"featured_media":0,"parent":0,"menu_order":0,"comment_status":"closed","ping_status":"closed","template":"full_width.php","meta":{"footnotes":""},"class_list":["post-190","page","type-page","status-publish","hentry"],"_links":{"self":[{"href":"https:\/\/www.oyilmaz.co.uk\/tr\/wp-json\/wp\/v2\/pages\/190","targetHints":{"allow":["GET"]}}],"collection":[{"href":"https:\/\/www.oyilmaz.co.uk\/tr\/wp-json\/wp\/v2\/pages"}],"about":[{"href":"https:\/\/www.oyilmaz.co.uk\/tr\/wp-json\/wp\/v2\/types\/page"}],"author":[{"embeddable":true,"href":"https:\/\/www.oyilmaz.co.uk\/tr\/wp-json\/wp\/v2\/users\/1"}],"replies":[{"embeddable":true,"href":"https:\/\/www.oyilmaz.co.uk\/tr\/wp-json\/wp\/v2\/comments?post=190"}],"version-history":[{"count":9,"href":"https:\/\/www.oyilmaz.co.uk\/tr\/wp-json\/wp\/v2\/pages\/190\/revisions"}],"predecessor-version":[{"id":286,"href":"https:\/\/www.oyilmaz.co.uk\/tr\/wp-json\/wp\/v2\/pages\/190\/revisions\/286"}],"wp:attachment":[{"href":"https:\/\/www.oyilmaz.co.uk\/tr\/wp-json\/wp\/v2\/media?parent=190"}],"curies":[{"name":"wp","href":"https:\/\/api.w.org\/{rel}","templated":true}]}}