{"id":179,"date":"2022-01-21T11:41:13","date_gmt":"2022-01-21T11:41:13","guid":{"rendered":"https:\/\/www.oyilmaz.co.uk\/home-page\/"},"modified":"2022-04-19T14:36:11","modified_gmt":"2022-04-19T14:36:11","slug":"home-page","status":"publish","type":"page","link":"https:\/\/www.oyilmaz.co.uk\/tr\/","title":{"rendered":"Anasayfa"},"content":{"rendered":"<section class=\"wpb-content-wrapper\"><p>[vc_row css_animation=&#8221;&#8221; row_type=&#8221;row&#8221; use_row_as_full_screen_section=&#8221;no&#8221; type=&#8221;full_width&#8221; angled_section=&#8221;no&#8221; text_align=&#8221;left&#8221; background_image_as_pattern=&#8221;without_pattern&#8221;][vc_column][vc_single_image image=&#8221;158&#8243; img_size=&#8221;full&#8221; alignment=&#8221;center&#8221; qode_css_animation=&#8221;&#8221;][\/vc_column][\/vc_row][vc_row css_animation=&#8221;&#8221; row_type=&#8221;row&#8221; use_row_as_full_screen_section=&#8221;no&#8221; type=&#8221;full_width&#8221; angled_section=&#8221;no&#8221; text_align=&#8221;left&#8221; background_image_as_pattern=&#8221;without_pattern&#8221;][vc_column width=&#8221;1\/6&#8243;][\/vc_column][vc_column width=&#8221;2\/3&#8243;][vc_empty_space height=&#8221;62px&#8221;][vc_column_text]<\/p>\n<h1 style=\"text-align: center;\">Mutlulu\u011fun anahtar\u0131 ba\u015far\u0131 de\u011fildir.<br \/>\nAma ba\u015far\u0131n\u0131n anahtar\u0131 mutluluktur.<\/h1>\n<p>[\/vc_column_text][vc_empty_space height=&#8221;62px&#8221;][\/vc_column][vc_column width=&#8221;1\/6&#8243;][\/vc_column][\/vc_row][vc_row css_animation=&#8221;&#8221; row_type=&#8221;row&#8221; use_row_as_full_screen_section=&#8221;yes&#8221; type=&#8221;grid&#8221; angled_section=&#8221;no&#8221; text_align=&#8221;left&#8221; background_image=&#8221;72&#8243; background_image_as_pattern=&#8221;without_pattern&#8221; padding_top=&#8221;25&#8243; css=&#8221;.vc_custom_1644237378330{background-color: #000000 !important;background-position: center !important;background-repeat: no-repeat !important;background-size: cover !important;}&#8221;][vc_column width=&#8221;1\/2&#8243;][vc_single_image image=&#8221;163&#8243; img_size=&#8221;full&#8221; qode_css_animation=&#8221;&#8221;][\/vc_column][vc_column width=&#8221;1\/2&#8243;][vc_empty_space height=&#8221;200px&#8221;][vc_column_text]&nbsp;<\/p>\n<p><span style=\"font-weight: 400;\">Merhaba!<\/span><\/p>\n<p><span style=\"font-weight: 400;\">Ben\u00a0 \u00d6zg\u00fcr, T\u00fcrkiye&#8217;de do\u011fdum ve on sekiz ya\u015f\u0131nda hayallerimi ger\u00e7ekle\u015ftirmek umuduyla Londra&#8217;ya ta\u015f\u0131nd\u0131m. Giri\u015fimci, Yat\u0131r\u0131mc\u0131 ve \u0130\u015fletme Ko\u00e7uyum. \u0130\u015f sekt\u00f6r\u00fcnde \u00fcst d\u00fczey y\u00f6netici olarak 25 y\u0131l\u0131 a\u015fk\u0131n deneyime sahibim. \u015eu anda alt\u0131 \u015firketin CEO&#8217;su ve baz\u0131 yeni giri\u015fimlerin melek yat\u0131r\u0131mc\u0131s\u0131y\u0131m.<\/span><\/p>\n<p><span style=\"font-weight: 400;\">\u00a0<\/span>[\/vc_column_text][vc_empty_space][vc_column_text]<span style=\"font-weight: 400;\">Hayat\u0131n bana \u00f6\u011fretti\u011fi ve tecr\u00fcbe etti\u011fim t\u00fcm bilgilerimi , ba\u015fkalar\u0131na fayda sa\u011flamas\u0131 i\u00e7in \u00a0 payla\u015fmak, onlara, kapasitelerinin en \u00fcst seviyesine\u00a0 \u00e7\u0131kmalar\u0131n\u0131 sa\u011flay\u0131p, ba\u015far\u0131ya giden yolu \u00f6\u011fretmek i\u00e7in bu web sitesini\u00a0 ve\u00a0 \u2013 Journey Begins Coaching \u2013 ismini verdi\u011fim ko\u00e7luk firmas\u0131n\u0131 kurdum. Sizin ve i\u015fletmenizin\u00a0 geli\u015fmesine yard\u0131mc\u0131 olmaya adanm\u0131\u015f bir d\u00f6n\u00fc\u015f\u00fcm\u00a0 ko\u00e7luk platformu.<\/span>[\/vc_column_text][\/vc_column][\/vc_row][vc_row css_animation=&#8221;&#8221; row_type=&#8221;row&#8221; use_row_as_full_screen_section=&#8221;no&#8221; type=&#8221;full_width&#8221; angled_section=&#8221;no&#8221; text_align=&#8221;left&#8221; background_image_as_pattern=&#8221;without_pattern&#8221;][vc_column width=&#8221;1\/6&#8243;][\/vc_column][vc_column width=&#8221;2\/3&#8243;][vc_empty_space height=&#8221;62px&#8221;][vc_column_text]<\/p>\n<h1 class=\"tw-data-text tw-text-large tw-ta\" dir=\"ltr\" style=\"text-align: center;\" data-placeholder=\"Translation\"><\/h1>\n<h1 style=\"text-align: center;\"><strong>Ko\u00e7luk, insan geli\u015fiminin bug\u00fcn\u00fc ve gelece\u011fidir.<\/strong><\/h1>\n<h1 style=\"text-align: center;\"><strong>Birbirimizden bir \u015feyler \u00f6\u011frendi\u011fimizde anlama kapasitemiz artar.<\/strong><\/h1>\n<h1 style=\"text-align: center;\"><\/h1>\n<p>[\/vc_column_text][vc_empty_space height=&#8221;62px&#8221;][\/vc_column][vc_column width=&#8221;1\/6&#8243;][\/vc_column][\/vc_row][vc_row css_animation=&#8221;&#8221; row_type=&#8221;row&#8221; use_row_as_full_screen_section=&#8221;yes&#8221; type=&#8221;grid&#8221; angled_section=&#8221;no&#8221; text_align=&#8221;left&#8221; background_image_as_pattern=&#8221;without_pattern&#8221; padding_top=&#8221;25&#8243; css=&#8221;.vc_custom_1644237933744{background-color: #000000 !important;background-position: center !important;background-repeat: no-repeat !important;background-size: cover !important;}&#8221;][vc_column][vc_column_text]<span style=\"font-weight: 400;\">Journey Begins Coaching, sizin ve i\u015fletmenizin hedeflerinize ula\u015fmas\u0131na ve hayalini kurdu\u011funuz hayata ula\u015fman\u0131za yard\u0131mc\u0131 olacak nihai geli\u015fim ve e\u011fitim platformudur. Ki\u015fisel veya profesyonel, vizyonunuz ne olursa olsun, ba\u015far\u0131l\u0131 olman\u0131z\u0131 sa\u011flamak i\u00e7in size uygun e\u011fitimi ve rehberli\u011fi sa\u011flayaca\u011f\u0131z.<\/span>[\/vc_column_text][\/vc_column][\/vc_row][vc_row css_animation=&#8221;&#8221; row_type=&#8221;row&#8221; use_row_as_full_screen_section=&#8221;yes&#8221; type=&#8221;grid&#8221; angled_section=&#8221;no&#8221; text_align=&#8221;left&#8221; background_image_as_pattern=&#8221;without_pattern&#8221; padding_top=&#8221;25&#8243; css=&#8221;.vc_custom_1644237933744{background-color: #000000 !important;background-position: center !important;background-repeat: no-repeat !important;background-size: cover !important;}&#8221;][vc_column width=&#8221;1\/2&#8243;][vc_single_image image=&#8221;168&#8243; img_size=&#8221;full&#8221; alignment=&#8221;center&#8221; qode_css_animation=&#8221;&#8221;][\/vc_column][vc_column width=&#8221;1\/2&#8243;][vc_empty_space height=&#8221;62px&#8221;][vc_column_text]<span style=\"font-weight: 400;\">E\u011fitimimiz, performans\u0131n\u0131z\u0131 ve potansiyelinizi en \u00fcst d\u00fczeye \u00e7\u0131karmak i\u00e7in tasarland\u0131. Ko\u00e7luk y\u00f6ntemlerimiz,amac\u0131n\u0131z\u0131 bularak performans\u0131n\u0131z\u0131 iyile\u015ftirmeyi ama\u00e7lar. Bu s\u00fcre\u00e7, vizyonunuzu ortaya \u00e7\u0131karman\u0131z ve gelecek i\u00e7in bir yol olu\u015fturman\u0131z i\u00e7in de size rehberlik eder.<\/span><\/p>\n<p><span style=\"font-weight: 400;\">Ekibimiz alan\u0131nda \u00e7ok ba\u015far\u0131l\u0131 ko\u00e7lar\u0131n bulundu\u011fu ve her ko\u015fulda\u00a0 size yard\u0131m etmek ve sizi bir sonraki seviyeye ta\u015f\u0131mak i\u00e7in burada. Ko\u00e7luk hizmetlerimiz hakk\u0131nda daha fazla bilgi edinmek ister misiniz? Web sitemize g\u00f6z at\u0131n veya buradan \u00fccretsiz ke\u015fif dan\u0131\u015fmanl\u0131\u011f\u0131 rezervasyonu yap\u0131n.<\/span>[\/vc_column_text][\/vc_column][\/vc_row][vc_row css_animation=&#8221;&#8221; row_type=&#8221;row&#8221; use_row_as_full_screen_section=&#8221;no&#8221; type=&#8221;full_width&#8221; angled_section=&#8221;no&#8221; text_align=&#8221;left&#8221; background_image_as_pattern=&#8221;without_pattern&#8221;][vc_column width=&#8221;1\/6&#8243;][\/vc_column][vc_column width=&#8221;2\/3&#8243;][vc_empty_space height=&#8221;62px&#8221;][vc_column_text]<\/p>\n<h1 style=\"text-align: center;\"><strong>Ticareti anlaml\u0131 hale getirmek.<\/strong><\/h1>\n<h1 style=\"text-align: center;\"><strong>Kendi \u00f6zel yolunuzu olu\u015fturmak ve de\u011fi\u015fime a\u00e7\u0131k olmak.<\/strong><\/h1>\n<p>[\/vc_column_text][vc_empty_space height=&#8221;62px&#8221;][\/vc_column][vc_column width=&#8221;1\/6&#8243;][\/vc_column][\/vc_row][vc_row css_animation=&#8221;&#8221; row_type=&#8221;row&#8221; use_row_as_full_screen_section=&#8221;yes&#8221; type=&#8221;grid&#8221; angled_section=&#8221;no&#8221; text_align=&#8221;left&#8221; background_image_as_pattern=&#8221;without_pattern&#8221; padding_top=&#8221;25&#8243; css=&#8221;.vc_custom_1644237933744{background-color: #000000 !important;background-position: center !important;background-repeat: no-repeat !important;background-size: cover !important;}&#8221;][vc_column width=&#8221;1\/2&#8243;][vc_empty_space height=&#8221;62px&#8221;][vc_column_text]<span style=\"font-weight: 400;\">G\u00fcn\u00fcm\u00fczde liderler sadece \u00f6nemli de\u011fil, ayn\u0131 zamanda gereklidirler. G\u00fcn\u00fcm\u00fcz\u00fcn liderlerinin en iyi performans g\u00f6steren ki\u015filer\u00a0 olarak \u00f6ne \u00e7\u0131kmak i\u00e7in, i\u015f zekas\u0131ndan \u00e7ok daha fazlas\u0131na ihtiya\u00e7lar\u0131 var. Ekip ruhu olu\u015fturmak \u00e7al\u0131\u015fanlar\u0131\u00a0 motive etmek,birlik ve beraberli\u011fi art\u0131rmak ve etkili bir \u015fekilde ileti\u015fim kurmak i\u00e7in duygusal zekaya\u00a0 ve ki\u015fisel becerilere sahip olmalar\u0131 gerekir.\u00a0<\/span><\/p>\n<p><span style=\"font-weight: 400;\">\u00a0<\/span><\/p>\n<p><span style=\"font-weight: 400;\">Farkl\u0131 ve ki\u015fiselle\u015ftirilmi\u015f ko\u00e7luk form\u00fcl\u00fcm, insan davran\u0131\u015f\u0131 bilimini i\u015f stratejileriniz ve kurumsal vizyonunuzla b\u00fct\u00fcnle\u015ftirir. Sizin ve \u00e7al\u0131\u015fanlar\u0131n\u0131z\u0131n y\u00fcksek bilin\u00e7 seviyenizi ke\u015ffetmenize ve tamamen birle\u015fik bir \u015firket k\u00fclt\u00fcr\u00fc olu\u015fturman\u0131za olanak tan\u0131r.<\/span>[\/vc_column_text][\/vc_column][vc_column width=&#8221;1\/2&#8243;][vc_single_image image=&#8221;157&#8243; img_size=&#8221;full&#8221; alignment=&#8221;center&#8221; qode_css_animation=&#8221;&#8221;][\/vc_column][\/vc_row]<\/p>\n<\/section>","protected":false},"excerpt":{"rendered":"<p>[vc_row css_animation=&#8221;&#8221; row_type=&#8221;row&#8221; use_row_as_full_screen_section=&#8221;no&#8221; type=&#8221;full_width&#8221; angled_section=&#8221;no&#8221; text_align=&#8221;left&#8221; background_image_as_pattern=&#8221;without_pattern&#8221;][vc_column][vc_single_image image=&#8221;158&#8243; img_size=&#8221;full&#8221; alignment=&#8221;center&#8221; qode_css_animation=&#8221;&#8221;][\/vc_column][\/vc_row][vc_row css_animation=&#8221;&#8221; row_type=&#8221;row&#8221; use_row_as_full_screen_section=&#8221;no&#8221; type=&#8221;full_width&#8221; angled_section=&#8221;no&#8221; text_align=&#8221;left&#8221; background_image_as_pattern=&#8221;without_pattern&#8221;][vc_column width=&#8221;1\/6&#8243;][\/vc_column][vc_column width=&#8221;2\/3&#8243;][vc_empty_space height=&#8221;62px&#8221;][vc_column_text] Mutlulu\u011fun anahtar\u0131 ba\u015far\u0131 de\u011fildir. Ama ba\u015far\u0131n\u0131n anahtar\u0131 mutluluktur. [\/vc_column_text][vc_empty_space height=&#8221;62px&#8221;][\/vc_column][vc_column width=&#8221;1\/6&#8243;][\/vc_column][\/vc_row][vc_row css_animation=&#8221;&#8221; row_type=&#8221;row&#8221; use_row_as_full_screen_section=&#8221;yes&#8221; type=&#8221;grid&#8221; angled_section=&#8221;no&#8221; text_align=&#8221;left&#8221; background_image=&#8221;72&#8243; background_image_as_pattern=&#8221;without_pattern&#8221; padding_top=&#8221;25&#8243; css=&#8221;.vc_custom_1644237378330{background-color: #000000 !important;background-position:&#8230;<\/p>\n","protected":false},"author":1,"featured_media":0,"parent":0,"menu_order":0,"comment_status":"closed","ping_status":"closed","template":"full_width.php","meta":{"footnotes":""},"class_list":["post-179","page","type-page","status-publish","hentry"],"_links":{"self":[{"href":"https:\/\/www.oyilmaz.co.uk\/tr\/wp-json\/wp\/v2\/pages\/179","targetHints":{"allow":["GET"]}}],"collection":[{"href":"https:\/\/www.oyilmaz.co.uk\/tr\/wp-json\/wp\/v2\/pages"}],"about":[{"href":"https:\/\/www.oyilmaz.co.uk\/tr\/wp-json\/wp\/v2\/types\/page"}],"author":[{"embeddable":true,"href":"https:\/\/www.oyilmaz.co.uk\/tr\/wp-json\/wp\/v2\/users\/1"}],"replies":[{"embeddable":true,"href":"https:\/\/www.oyilmaz.co.uk\/tr\/wp-json\/wp\/v2\/comments?post=179"}],"version-history":[{"count":7,"href":"https:\/\/www.oyilmaz.co.uk\/tr\/wp-json\/wp\/v2\/pages\/179\/revisions"}],"predecessor-version":[{"id":189,"href":"https:\/\/www.oyilmaz.co.uk\/tr\/wp-json\/wp\/v2\/pages\/179\/revisions\/189"}],"wp:attachment":[{"href":"https:\/\/www.oyilmaz.co.uk\/tr\/wp-json\/wp\/v2\/media?parent=179"}],"curies":[{"name":"wp","href":"https:\/\/api.w.org\/{rel}","templated":true}]}}